{"id":18,"date":"2018-04-10T19:48:17","date_gmt":"2018-04-10T19:48:17","guid":{"rendered":"http:\/\/wp.kampaamopeppi.fi\/?page_id=18"},"modified":"2024-08-31T09:35:42","modified_gmt":"2024-08-31T09:35:42","slug":"ota-yhteytta","status":"publish","type":"page","link":"https:\/\/wp.kampaamopeppi.fi\/index.php\/ota-yhteytta\/","title":{"rendered":"Yhteystiedot"},"content":{"rendered":"<h4 class=\"paragraph_style\" style=\"padding-left: 30px;\">Avoinna<\/h4>\n<p class=\"paragraph_style_1\"><strong>ma-pe 9.00 &#8211; 17.00<\/strong><\/p>\n<p class=\"paragraph_style_1\">muina aikoina sopimuksen mukaan<\/p>\n<p class=\"paragraph_style_2\">Eestinm\u00e4ki<\/p>\n<p class=\"paragraph_style_1\">Pellavapolku 1<\/p>\n<p class=\"paragraph_style_1\">06450 Porvoo<\/p>\n<p class=\"paragraph_style_1\">Puh. <strong>050 470 6771<\/strong><\/p>\n<p><a href=\"https:\/\/varaa.timma.fi\/parturikampaamopeppi\">https:\/\/varaa.timma.fi\/parturikampaamopeppi<\/a><\/p>\n<p>L\u00f6yd\u00e4t meid\u00e4t my\u00f6s FACEBOOKISTA<\/p>\n<p class=\"paragraph_style_1\">Parturi-Kampaaja<\/p>\n<p class=\"paragraph_style_2\">Sanna V\u00e4is\u00e4nen<\/p>\n\n\n<figure class=\"wp-block-image size-full is-resized\"><img loading=\"lazy\" decoding=\"async\" width=\"360\" height=\"640\" src=\"https:\/\/wp.kampaamopeppi.fi\/wp-content\/uploads\/2024\/08\/Canva-Design.png\" alt=\"\" class=\"wp-image-508\" style=\"width:335px;height:auto\" srcset=\"https:\/\/wp.kampaamopeppi.fi\/wp-content\/uploads\/2024\/08\/Canva-Design.png 360w, https:\/\/wp.kampaamopeppi.fi\/wp-content\/uploads\/2024\/08\/Canva-Design-169x300.png 169w\" sizes=\"auto, (max-width: 360px) 100vw, 360px\" \/><\/figure>\n","protected":false},"excerpt":{"rendered":"<p>Avoinna ma-pe 9.00 &#8211; 17.00 muina aikoina sopimuksen mukaan Eestinm\u00e4ki Pellavapolku 1 06450 Porvoo Puh. 050 470 6771 https:\/\/varaa.timma.fi\/parturikampaamopeppi L\u00f6yd\u00e4t meid\u00e4t my\u00f6s FACEBOOKISTA Parturi-Kampaaja Sanna V\u00e4is\u00e4nen<\/p>\n","protected":false},"author":1,"featured_media":0,"parent":0,"menu_order":0,"comment_status":"closed","ping_status":"closed","template":"","meta":{"footnotes":""},"class_list":["post-18","page","type-page","status-publish","hentry"],"_links":{"self":[{"href":"https:\/\/wp.kampaamopeppi.fi\/index.php\/wp-json\/wp\/v2\/pages\/18","targetHints":{"allow":["GET"]}}],"collection":[{"href":"https:\/\/wp.kampaamopeppi.fi\/index.php\/wp-json\/wp\/v2\/pages"}],"about":[{"href":"https:\/\/wp.kampaamopeppi.fi\/index.php\/wp-json\/wp\/v2\/types\/page"}],"author":[{"embeddable":true,"href":"https:\/\/wp.kampaamopeppi.fi\/index.php\/wp-json\/wp\/v2\/users\/1"}],"replies":[{"embeddable":true,"href":"https:\/\/wp.kampaamopeppi.fi\/index.php\/wp-json\/wp\/v2\/comments?post=18"}],"version-history":[{"count":14,"href":"https:\/\/wp.kampaamopeppi.fi\/index.php\/wp-json\/wp\/v2\/pages\/18\/revisions"}],"predecessor-version":[{"id":515,"href":"https:\/\/wp.kampaamopeppi.fi\/index.php\/wp-json\/wp\/v2\/pages\/18\/revisions\/515"}],"wp:attachment":[{"href":"https:\/\/wp.kampaamopeppi.fi\/index.php\/wp-json\/wp\/v2\/media?parent=18"}],"curies":[{"name":"wp","href":"https:\/\/api.w.org\/{rel}","templated":true}]}}