{"id":20,"date":"2018-04-10T19:36:09","date_gmt":"2018-04-10T19:36:09","guid":{"rendered":"http:\/\/wp.kampaamopeppi.fi\/?page_id=20"},"modified":"2024-10-10T13:12:12","modified_gmt":"2024-10-10T13:12:12","slug":"etusivu","status":"publish","type":"page","link":"https:\/\/wp.kampaamopeppi.fi\/","title":{"rendered":"Parturi Kampaamo Peppi"},"content":{"rendered":"<div class=\"wp-block-image wp-image-305 size-medium\">\n<figure class=\"alignleft is-resized\"><img loading=\"lazy\" decoding=\"async\" width=\"300\" height=\"225\" src=\"https:\/\/wp.kampaamopeppi.fi\/wp-content\/uploads\/2021\/08\/FF77A607-0FE9-4F25-9EEF-37A8FCA7E5E1-300x225.jpeg\" alt=\"\" class=\"wp-image-305\" style=\"width:330px;height:auto\" srcset=\"https:\/\/wp.kampaamopeppi.fi\/wp-content\/uploads\/2021\/08\/FF77A607-0FE9-4F25-9EEF-37A8FCA7E5E1-300x225.jpeg 300w, https:\/\/wp.kampaamopeppi.fi\/wp-content\/uploads\/2021\/08\/FF77A607-0FE9-4F25-9EEF-37A8FCA7E5E1-768x576.jpeg 768w, https:\/\/wp.kampaamopeppi.fi\/wp-content\/uploads\/2021\/08\/FF77A607-0FE9-4F25-9EEF-37A8FCA7E5E1-1536x1152.jpeg 1536w, https:\/\/wp.kampaamopeppi.fi\/wp-content\/uploads\/2021\/08\/FF77A607-0FE9-4F25-9EEF-37A8FCA7E5E1-2048x1536.jpeg 2048w\" sizes=\"auto, (max-width: 300px) 100vw, 300px\" \/><\/figure>\n<\/div>\n\n\n<p><strong><br>Parturi Kampaamo Peppi<\/strong> on trendik\u00e4s, viihtyis\u00e4 ja ammattitaitoinen koko perheen parturi kampaamo Porvoon Eestinm\u00e4ess\u00e4, hyvien liikenneyhteyksien varrella.<\/p>\n\n\n\n<p class=\"has-text-align-left\">Ammattitaitoisen leikkauksen, v\u00e4rj\u00e4yksen ja upeiden kampausten lis\u00e4ksi erikoispalveluihin kuuluu<\/p>\n\n\n\n<p class=\"has-text-align-left\">Simply Natural &#8211; hiustenpidennykset.<\/p>\n\n\n\n<p class=\"has-text-align-left\">Meilt\u00e4 hankit hiuksiisi my\u00f6s laadukkaat hiustenhoitotuotteet ja v\u00e4lineet.<\/p>\n\n\n\n<p class=\"has-text-align-left\">Onnistuneen lopputuloksen hiuksiisi takaa vuosien kokemus yhdistettyn\u00e4 jatkuvaan kouluttautumiseen.<\/p>\n\n\n\n<p>Meille aukesi my\u00f6s netti ajanvaraus ja lahjakortti kauppa.<\/p>\n\n\n\n<p>Varaa aikasi alla olevasta linkist\u00e4\ud83d\udc47\ud83c\udffb<\/p>\n\n\n\n<p><a href=\"https:\/\/varaa.timma.fi\/parturikampaamopeppi\">https:\/\/varaa.timma.fi\/parturikampaamopeppi<\/a><\/p>\n\n\n\n<p>Lahjakortit voit ostaa alla olevasta linkist\u00e4<\/p>\n\n\n\n<p><a href=\"https:\/\/varaa.timma.fi\/giftcard\/parturikampaamopeppi\">https:\/\/varaa.timma.fi\/giftcard\/parturikampaamopeppi<\/a><\/p>\n","protected":false},"excerpt":{"rendered":"<p>Parturi Kampaamo Peppi on trendik\u00e4s, viihtyis\u00e4 ja ammattitaitoinen koko perheen parturi kampaamo Porvoon Eestinm\u00e4ess\u00e4, hyvien liikenneyhteyksien varrella. Ammattitaitoisen leikkauksen, v\u00e4rj\u00e4yksen ja upeiden kampausten lis\u00e4ksi erikoispalveluihin kuuluu Simply Natural &#8211; hiustenpidennykset. Meilt\u00e4 hankit hiuksiisi my\u00f6s laadukkaat hiustenhoitotuotteet ja v\u00e4lineet. Onnistuneen lopputuloksen hiuksiisi takaa vuosien kokemus yhdistettyn\u00e4 jatkuvaan kouluttautumiseen. Meille aukesi my\u00f6s netti ajanvaraus ja lahjakortti kauppa. &hellip; <a href=\"https:\/\/wp.kampaamopeppi.fi\/\" class=\"more-link\">Jatka artikkeliin <span class=\"screen-reader-text\">Parturi Kampaamo Peppi<\/span><\/a><\/p>\n","protected":false},"author":1,"featured_media":0,"parent":0,"menu_order":0,"comment_status":"closed","ping_status":"closed","template":"","meta":{"footnotes":""},"class_list":["post-20","page","type-page","status-publish","hentry"],"_links":{"self":[{"href":"https:\/\/wp.kampaamopeppi.fi\/index.php\/wp-json\/wp\/v2\/pages\/20","targetHints":{"allow":["GET"]}}],"collection":[{"href":"https:\/\/wp.kampaamopeppi.fi\/index.php\/wp-json\/wp\/v2\/pages"}],"about":[{"href":"https:\/\/wp.kampaamopeppi.fi\/index.php\/wp-json\/wp\/v2\/types\/page"}],"author":[{"embeddable":true,"href":"https:\/\/wp.kampaamopeppi.fi\/index.php\/wp-json\/wp\/v2\/users\/1"}],"replies":[{"embeddable":true,"href":"https:\/\/wp.kampaamopeppi.fi\/index.php\/wp-json\/wp\/v2\/comments?post=20"}],"version-history":[{"count":27,"href":"https:\/\/wp.kampaamopeppi.fi\/index.php\/wp-json\/wp\/v2\/pages\/20\/revisions"}],"predecessor-version":[{"id":532,"href":"https:\/\/wp.kampaamopeppi.fi\/index.php\/wp-json\/wp\/v2\/pages\/20\/revisions\/532"}],"wp:attachment":[{"href":"https:\/\/wp.kampaamopeppi.fi\/index.php\/wp-json\/wp\/v2\/media?parent=20"}],"curies":[{"name":"wp","href":"https:\/\/api.w.org\/{rel}","templated":true}]}}