{"id":33,"date":"2018-04-10T20:02:25","date_gmt":"2018-04-10T20:02:25","guid":{"rendered":"http:\/\/wp.kampaamopeppi.fi\/?page_id=33"},"modified":"2026-03-28T05:49:59","modified_gmt":"2026-03-28T05:49:59","slug":"hinnasto","status":"publish","type":"page","link":"https:\/\/wp.kampaamopeppi.fi\/index.php\/hinnasto\/","title":{"rendered":"HINNASTO"},"content":{"rendered":"\n<p>HINNASTOA P\u00e4ivitet\u00e4\u00e4n, joten hetken aikaa  hinnat ovat suuntaa antavia.<\/p>\n\n\n\n<p><\/p>\n\n\n\n<p>Hiustenleikkaus <br><strong>3<\/strong>7.00<br>Hiusten muotoon leikkaus <br><strong>4<\/strong>4.00<br>Hiusten mallinmuutos leikkaus <br><strong>60.50\u00a0<\/strong><br>Lasten hiustenleikkaus alle 8 v <br><strong>28.<\/strong>50\u00a0<br>Kone, niska ja otsahiusten leikkaus <br><strong>19.00<\/strong>\u00a0<br>Tasausleikkaus <br><strong>37.00<\/strong>\u00a0<br>Hiustenpesu ja kuivaus <br><strong>19.00<\/strong>\u00a0<\/p>\n\n\n\n<p>F\u00f6\u00f6nikampaus sis. pesun                                              <br>alk. <strong>4<\/strong>1.50<br>Rullakampaus <br><strong>S\/M\/L                                 48.00\/53.00\/61.00&nbsp;<\/strong><\/p>\n\n\n\n<p>Parran muotoilu koneella                                             <br><strong>17.50&nbsp;<\/strong><br>Parran muotoilu saksilla                                               <br><strong>27.50&nbsp;<\/strong><br>Viiksien muotoilu                                                            <br><strong>13.50<\/strong><\/p>\n\n\n\n<figure class=\"wp-block-image size-full\"><img loading=\"lazy\" decoding=\"async\" width=\"644\" height=\"1\" src=\"http:\/\/wp.kampaamopeppi.fi\/wp-content\/uploads\/2023\/08\/image-2.png\" alt=\"\" class=\"wp-image-413\" srcset=\"https:\/\/wp.kampaamopeppi.fi\/wp-content\/uploads\/2023\/08\/image-2.png 644w, https:\/\/wp.kampaamopeppi.fi\/wp-content\/uploads\/2023\/08\/image-2-300x1.png 300w, https:\/\/wp.kampaamopeppi.fi\/wp-content\/uploads\/2023\/08\/image-2-150x1.png 150w\" sizes=\"auto, (max-width: 644px) 100vw, 644px\" \/><\/figure>\n\n\n\n<p>Ripsien ja kulmien v\u00e4rj\u00e4ys sis. muotoilun.                 <br><strong>2<\/strong>8.50&nbsp;<br>Ripsien v\u00e4rj\u00e4ys                                                                 <br><strong>18.50&nbsp;<\/strong><br>Kulmien v\u00e4rj\u00e4ys sis. muotoilun                                    <br><strong>18.<\/strong>50&nbsp;<br>Kulmien v\u00e4rj\u00e4ys                                                               <br><strong>1<\/strong>8.50&nbsp;<br>Kulmien muotoilu                                                            <br><strong>17.00&nbsp;<\/strong><\/p>\n\n\n\n<p><strong>PIDENNYKSET<\/strong>&nbsp;<\/p>\n\n\n\n<p><em>SIMPLY NATURAL<\/em>&nbsp;Teippipidennykset \u202f \u202f \u202f<br><strong>30cm-50cm                               364.00- 464.00<\/strong>&nbsp;<\/p>\n\n\n\n<p>Teippihuolto                                                                      <br><strong>97.00- 135.00&nbsp;<\/strong><br>Tuuhennus 30\/ 50 cm                                                     <br><strong>213.00- 255.00&nbsp;<\/strong><\/p>\n\n\n\n<figure class=\"wp-block-image size-full\"><img loading=\"lazy\" decoding=\"async\" width=\"644\" height=\"1\" src=\"http:\/\/wp.kampaamopeppi.fi\/wp-content\/uploads\/2023\/08\/image-3.png\" alt=\"\" class=\"wp-image-414\" srcset=\"https:\/\/wp.kampaamopeppi.fi\/wp-content\/uploads\/2023\/08\/image-3.png 644w, https:\/\/wp.kampaamopeppi.fi\/wp-content\/uploads\/2023\/08\/image-3-300x1.png 300w, https:\/\/wp.kampaamopeppi.fi\/wp-content\/uploads\/2023\/08\/image-3-150x1.png 150w\" sizes=\"auto, (max-width: 644px) 100vw, 644px\" \/><\/figure>\n\n\n\n<p><strong>KESTOV\u00c4RJ\u00c4YS<\/strong>&nbsp;<\/p>\n\n\n\n<p>Tyviv\u00e4ri \u202fmax.2cm                     <strong>101.00&nbsp;<\/strong><br>S&#8230;&#8230;&#8230;&#8230;&#8230;&#8230;&#8230;&#8230;&#8230;&#8230;&#8230;&#8230;&#8230;&#8230;&#8230;&#8230;&#8230;&#8230; <strong>110.00&nbsp;<\/strong><br>M&#8230;&#8230;&#8230;&#8230;&#8230;&#8230;&#8230;&#8230;&#8230;&#8230;&#8230;&#8230;&#8230;&#8230;&#8230;&#8230;&#8230;. <strong>118.00<\/strong>&nbsp;<br>L&#8230;&#8230;&#8230;&#8230;&#8230;&#8230;&#8230;&#8230;&#8230;&#8230;&#8230;&#8230;&#8230;&#8230;&#8230;&#8230;&#8230;&#8230; <strong>127.00<\/strong>&nbsp;<br>XL&#8230;&#8230;&#8230;&#8230;&#8230;&#8230;&#8230;&#8230;&#8230;&#8230;&#8230;&#8230;&#8230;&#8230;&#8230;&#8230;&#8230;.<strong>153.00&nbsp;<\/strong><\/p>\n\n\n\n<p>ext. pitk\u00e4 tai paksun hiuksen lis\u00e4 +20%&nbsp;<\/p>\n\n\n\n<p>MONIV\u00c4RI (esim tyviv\u00e4ri ja raidat)&nbsp;<\/p>\n\n\n\n<p>S&#8230;&#8230;&#8230;&#8230;&#8230;&#8230;&#8230;&#8230;&#8230;&#8230;&#8230;&#8230;&#8230;&#8230;&#8230;&#8230;&#8230;..<strong>131.00<\/strong>&nbsp;<br>M&#8230;&#8230;&#8230;&#8230;&#8230;&#8230;&#8230;&#8230;&#8230;&#8230;&#8230;&#8230;&#8230;&#8230;&#8230;&#8230;&#8230;.<strong>140.00<\/strong>&nbsp;<br>L &#8230;&#8230;&#8230;&#8230;&#8230;&#8230;&#8230;&#8230;&#8230;&#8230;&#8230;&#8230;&#8230;&#8230;&#8230;&#8230;&#8230;.<strong>150.00<\/strong>&nbsp;<br>XL&#8230;&#8230;&#8230;&#8230;&#8230;&#8230;&#8230;&#8230;&#8230;&#8230;&#8230;&#8230;&#8230;&#8230;&#8230;&#8230;..<strong>171.00<\/strong>&nbsp;<\/p>\n\n\n\n<p>ilman leikkausta -30.00e<\/p>\n\n\n\n<figure class=\"wp-block-image size-full\"><img loading=\"lazy\" decoding=\"async\" width=\"644\" height=\"1\" src=\"http:\/\/wp.kampaamopeppi.fi\/wp-content\/uploads\/2023\/08\/image-5.png\" alt=\"\" class=\"wp-image-416\" srcset=\"https:\/\/wp.kampaamopeppi.fi\/wp-content\/uploads\/2023\/08\/image-5.png 644w, https:\/\/wp.kampaamopeppi.fi\/wp-content\/uploads\/2023\/08\/image-5-300x1.png 300w, https:\/\/wp.kampaamopeppi.fi\/wp-content\/uploads\/2023\/08\/image-5-150x1.png 150w\" sizes=\"auto, (max-width: 644px) 100vw, 644px\" \/><\/figure>\n\n\n\n<p><strong>RAIDAT<\/strong>                               <strong>HUPULLA<\/strong>                               <strong>FOLIOLLA<\/strong>&nbsp;<\/p>\n\n\n\n<p>                                       <strong>alk. 62.50                                      86.00-130.00&nbsp;<\/strong><\/p>\n\n\n\n<figure class=\"wp-block-image size-full\"><img loading=\"lazy\" decoding=\"async\" width=\"644\" height=\"1\" src=\"http:\/\/wp.kampaamopeppi.fi\/wp-content\/uploads\/2023\/08\/image-4.png\" alt=\"\" class=\"wp-image-415\" srcset=\"https:\/\/wp.kampaamopeppi.fi\/wp-content\/uploads\/2023\/08\/image-4.png 644w, https:\/\/wp.kampaamopeppi.fi\/wp-content\/uploads\/2023\/08\/image-4-300x1.png 300w, https:\/\/wp.kampaamopeppi.fi\/wp-content\/uploads\/2023\/08\/image-4-150x1.png 150w\" sizes=\"auto, (max-width: 644px) 100vw, 644px\" \/><\/figure>\n\n\n\n<p><strong>KEVYTV\u00c4RIT\/ V\u00c4RIHUUHTELUT<\/strong>&nbsp;<\/p>\n\n\n\n<p>S&#8230;&#8230;&#8230;&#8230;&#8230;&#8230;&#8230;&#8230;&#8230;&#8230;&#8230;&#8230;&#8230;&#8230;&#8230;&#8230;&#8230;&#8230;<strong>58.00<\/strong>&nbsp;<br>M&#8230;&#8230;&#8230;&#8230;&#8230;&#8230;&#8230;&#8230;&#8230;&#8230;&#8230;&#8230;&#8230;&#8230;&#8230;&#8230;&#8230;..<strong>67.00<\/strong>&nbsp;<br>L&#8230;&#8230;&#8230;&#8230;&#8230;&#8230;&#8230;&#8230;&#8230;&#8230;&#8230;&#8230;&#8230;&#8230;&#8230;&#8230;&#8230;&#8230;<strong>71.00<\/strong>&nbsp;<br>XL&#8230;&#8230;&#8230;&#8230;&#8230;&#8230;&#8230;&#8230;&#8230;&#8230;&#8230;&#8230;&#8230;&#8230;&#8230;&#8230;&#8230;.<strong>86.00<\/strong>&nbsp;<\/p>\n\n\n\n<figure class=\"wp-block-image size-full\"><img loading=\"lazy\" decoding=\"async\" width=\"644\" height=\"1\" src=\"http:\/\/wp.kampaamopeppi.fi\/wp-content\/uploads\/2023\/08\/image-6.png\" alt=\"\" class=\"wp-image-417\" srcset=\"https:\/\/wp.kampaamopeppi.fi\/wp-content\/uploads\/2023\/08\/image-6.png 644w, https:\/\/wp.kampaamopeppi.fi\/wp-content\/uploads\/2023\/08\/image-6-300x1.png 300w, https:\/\/wp.kampaamopeppi.fi\/wp-content\/uploads\/2023\/08\/image-6-150x1.png 150w\" sizes=\"auto, (max-width: 644px) 100vw, 644px\" \/><\/figure>\n\n\n\n<p><strong>PERMANENTIT<\/strong>&nbsp;<\/p>\n\n\n\n<p>OSAPERMANENTIT&#8230;&#8230;&#8230;&#8230;&#8230;&#8230;..<strong>101.50<\/strong>&nbsp;<br>S&#8230;&#8230;&#8230;&#8230;&#8230;&#8230;&#8230;&#8230;&#8230;&#8230;&#8230;&#8230;&#8230;&#8230;&#8230;&#8230;&#8230;&#8230;<strong>10<\/strong>7.50&nbsp;<br>M&#8230;&#8230;&#8230;&#8230;&#8230;&#8230;&#8230;&#8230;&#8230;&#8230;&#8230;&#8230;&#8230;&#8230;&#8230;&#8230;&#8230;..<strong>11<\/strong>7.50&nbsp;<br>L&#8230;&#8230;&#8230;&#8230;&#8230;&#8230;&#8230;&#8230;&#8230;&#8230;&#8230;&#8230;&#8230;&#8230;&#8230;&#8230;&#8230;&#8230;<strong>129.50&nbsp;<\/strong><br>XL&#8230;&#8230;&#8230;&#8230;&#8230;&#8230;&#8230;&#8230;&#8230;&#8230;&#8230;&#8230;&#8230;&#8230;&#8230;&#8230;&#8230;.<strong>183.50&nbsp;<\/strong><\/p>\n\n\n\n<p>Tuntiveloitus 63e\/h&nbsp;<\/p>\n\n\n\n<p>https:\/\/varaa.timma.fi\/parturikampaamopeppi<\/p>\n\n\n\n<p>Lahjakortit voit ostaa allaolevasta linkist\u00e4.<\/p>\n\n\n\n<p><a href=\"https:\/\/varaa.timma.fi\/giftcard\/parturikampaamopeppi\">https:\/\/varaa.timma.fi\/giftcard\/parturikampaamopeppi<\/a><\/p>\n\n\n\n<p>HINNAT SIS\u00c4LT\u00c4V\u00c4T ALV VERON 25.5%&nbsp;<\/p>\n","protected":false},"excerpt":{"rendered":"<p>HINNASTOA P\u00e4ivitet\u00e4\u00e4n, joten hetken aikaa hinnat ovat suuntaa antavia. Hiustenleikkaus 37.00Hiusten muotoon leikkaus 44.00Hiusten mallinmuutos leikkaus 60.50\u00a0Lasten hiustenleikkaus alle 8 v 28.50\u00a0Kone, niska ja otsahiusten leikkaus 19.00\u00a0Tasausleikkaus 37.00\u00a0Hiustenpesu ja kuivaus 19.00\u00a0 F\u00f6\u00f6nikampaus sis. pesun alk. 41.50Rullakampaus S\/M\/L 48.00\/53.00\/61.00&nbsp; Parran muotoilu koneella 17.50&nbsp;Parran muotoilu saksilla 27.50&nbsp;Viiksien muotoilu 13.50 Ripsien ja kulmien v\u00e4rj\u00e4ys sis. muotoilun. 28.50&nbsp;Ripsien v\u00e4rj\u00e4ys &hellip; <a href=\"https:\/\/wp.kampaamopeppi.fi\/index.php\/hinnasto\/\" class=\"more-link\">Jatka artikkeliin <span class=\"screen-reader-text\">HINNASTO<\/span><\/a><\/p>\n","protected":false},"author":1,"featured_media":0,"parent":0,"menu_order":0,"comment_status":"closed","ping_status":"closed","template":"","meta":{"footnotes":""},"class_list":["post-33","page","type-page","status-publish","hentry"],"_links":{"self":[{"href":"https:\/\/wp.kampaamopeppi.fi\/index.php\/wp-json\/wp\/v2\/pages\/33","targetHints":{"allow":["GET"]}}],"collection":[{"href":"https:\/\/wp.kampaamopeppi.fi\/index.php\/wp-json\/wp\/v2\/pages"}],"about":[{"href":"https:\/\/wp.kampaamopeppi.fi\/index.php\/wp-json\/wp\/v2\/types\/page"}],"author":[{"embeddable":true,"href":"https:\/\/wp.kampaamopeppi.fi\/index.php\/wp-json\/wp\/v2\/users\/1"}],"replies":[{"embeddable":true,"href":"https:\/\/wp.kampaamopeppi.fi\/index.php\/wp-json\/wp\/v2\/comments?post=33"}],"version-history":[{"count":72,"href":"https:\/\/wp.kampaamopeppi.fi\/index.php\/wp-json\/wp\/v2\/pages\/33\/revisions"}],"predecessor-version":[{"id":543,"href":"https:\/\/wp.kampaamopeppi.fi\/index.php\/wp-json\/wp\/v2\/pages\/33\/revisions\/543"}],"wp:attachment":[{"href":"https:\/\/wp.kampaamopeppi.fi\/index.php\/wp-json\/wp\/v2\/media?parent=33"}],"curies":[{"name":"wp","href":"https:\/\/api.w.org\/{rel}","templated":true}]}}