{"id":34,"date":"2018-04-10T20:02:25","date_gmt":"2018-04-10T20:02:25","guid":{"rendered":"http:\/\/wp.kampaamopeppi.fi\/?page_id=34"},"modified":"2023-08-03T05:08:33","modified_gmt":"2023-08-03T05:08:33","slug":"palvelut","status":"publish","type":"page","link":"https:\/\/wp.kampaamopeppi.fi\/index.php\/palvelut\/","title":{"rendered":"PALVELUT"},"content":{"rendered":"<p class=\"paragraph_style\" style=\"padding-left: 60px; text-align: left;\">\n<\/p><ul>\n<li class=\"paragraph_style\"><strong>&nbsp; hiusten leikkaukset&nbsp;<\/strong><\/li>\n<li>&nbsp;<\/li>\n<li class=\"paragraph_style\"><strong>&nbsp; hiusten v\u00e4rj\u00e4ykset ja raidoitukset<\/strong><\/li>\n<li class=\"paragraph_style\">&nbsp;<\/li>\n<li class=\"paragraph_style\"><strong>&nbsp; permanentit<\/strong><\/li>\n<li>&nbsp;<\/li>\n<li class=\"paragraph_style\"><strong>&nbsp; hiustenpidennykset<\/strong><\/li>\n<li>&nbsp;<\/li>\n<li class=\"paragraph_style\"><strong>&nbsp; ripsien v\u00e4rj\u00e4ys<\/strong><\/li>\n<li>&nbsp;<\/li>\n<li class=\"paragraph_style\"><strong><span class=\"Luettelomerkki\">&nbsp;<\/span>&nbsp;kulmakarvojen v\u00e4rj\u00e4ys ja muotoilu<\/strong><\/li>\n<li>&nbsp;<\/li>\n<li class=\"paragraph_style\">&nbsp;<strong>kattavaa tuote tietoutta ja opastusta<\/strong>&nbsp;<strong>hiusten kotihoitoon<\/strong><\/li>\n<\/ul>\n\n\n<figure class=\"wp-block-image size-large is-resized\"><img loading=\"lazy\" decoding=\"async\" src=\"http:\/\/wp.kampaamopeppi.fi\/wp-content\/uploads\/2021\/10\/84F245A1-5DCB-468F-9D82-4956DB9D378F-744x1024.jpeg\" alt=\"\" class=\"wp-image-349\" width=\"493\" height=\"677\"\/><figcaption class=\"wp-element-caption\">Care Silver shampoo, hoitoaine ja hoito vaahto.<\/figcaption><\/figure>\n","protected":false},"excerpt":{"rendered":"<p>&nbsp; hiusten leikkaukset&nbsp; &nbsp; &nbsp; hiusten v\u00e4rj\u00e4ykset ja raidoitukset &nbsp; &nbsp; permanentit &nbsp; &nbsp; hiustenpidennykset &nbsp; &nbsp; ripsien v\u00e4rj\u00e4ys &nbsp; &nbsp;&nbsp;kulmakarvojen v\u00e4rj\u00e4ys ja muotoilu &nbsp; &nbsp;kattavaa tuote tietoutta ja opastusta&nbsp;hiusten kotihoitoon<\/p>\n","protected":false},"author":1,"featured_media":0,"parent":0,"menu_order":0,"comment_status":"closed","ping_status":"closed","template":"","meta":{"footnotes":""},"class_list":["post-34","page","type-page","status-publish","hentry"],"_links":{"self":[{"href":"https:\/\/wp.kampaamopeppi.fi\/index.php\/wp-json\/wp\/v2\/pages\/34","targetHints":{"allow":["GET"]}}],"collection":[{"href":"https:\/\/wp.kampaamopeppi.fi\/index.php\/wp-json\/wp\/v2\/pages"}],"about":[{"href":"https:\/\/wp.kampaamopeppi.fi\/index.php\/wp-json\/wp\/v2\/types\/page"}],"author":[{"embeddable":true,"href":"https:\/\/wp.kampaamopeppi.fi\/index.php\/wp-json\/wp\/v2\/users\/1"}],"replies":[{"embeddable":true,"href":"https:\/\/wp.kampaamopeppi.fi\/index.php\/wp-json\/wp\/v2\/comments?post=34"}],"version-history":[{"count":14,"href":"https:\/\/wp.kampaamopeppi.fi\/index.php\/wp-json\/wp\/v2\/pages\/34\/revisions"}],"predecessor-version":[{"id":471,"href":"https:\/\/wp.kampaamopeppi.fi\/index.php\/wp-json\/wp\/v2\/pages\/34\/revisions\/471"}],"wp:attachment":[{"href":"https:\/\/wp.kampaamopeppi.fi\/index.php\/wp-json\/wp\/v2\/media?parent=34"}],"curies":[{"name":"wp","href":"https:\/\/api.w.org\/{rel}","templated":true}]}}